{"id":2637,"date":"2024-07-09T17:35:41","date_gmt":"2024-07-09T15:35:41","guid":{"rendered":"https:\/\/hotel-arte.ch\/contact\/"},"modified":"2025-11-10T16:34:43","modified_gmt":"2025-11-10T15:34:43","slug":"contact","status":"publish","type":"page","link":"https:\/\/hotel-arte.ch\/fr\/contact\/","title":{"rendered":"Contact"},"content":{"rendered":"\t\t<div data-elementor-type=\"wp-page\" data-elementor-id=\"2637\" class=\"elementor elementor-2637 elementor-396\" data-elementor-post-type=\"page\">\n\t\t\t\t<div class=\"elementor-element elementor-element-1afc1cf e-flex e-con-boxed e-con e-parent\" data-id=\"1afc1cf\" data-element_type=\"container\" data-e-type=\"container\" data-settings=\"{&quot;background_background&quot;:&quot;classic&quot;}\">\n\t\t\t\t\t<div class=\"e-con-inner\">\n\t\t\t\t<div class=\"elementor-element elementor-element-9e864f7 animated-slow elementor-invisible elementor-widget elementor-widget-heading\" data-id=\"9e864f7\" data-element_type=\"widget\" data-e-type=\"widget\" data-settings=\"{&quot;_animation&quot;:&quot;fadeInUp&quot;,&quot;_animation_delay&quot;:200}\" data-widget_type=\"heading.default\">\n\t\t\t\t<div class=\"elementor-widget-container\">\n\t\t\t\t\t<h2 class=\"elementor-heading-title elementor-size-default\">Contact.<br>H\u00f4tel Arte.<\/h2>\t\t\t\t<\/div>\n\t\t\t\t<\/div>\n\t\t\t\t\t<\/div>\n\t\t\t\t<\/div>\n\t\t<div class=\"elementor-element elementor-element-5ffb234 e-flex e-con-boxed e-con e-parent\" data-id=\"5ffb234\" data-element_type=\"container\" data-e-type=\"container\">\n\t\t\t\t\t<div class=\"e-con-inner\">\n\t\t<div class=\"elementor-element elementor-element-2c00042 animated-slow e-flex e-con-boxed elementor-invisible e-con e-child\" data-id=\"2c00042\" data-element_type=\"container\" data-e-type=\"container\" data-settings=\"{&quot;animation&quot;:&quot;fadeIn&quot;,&quot;animation_delay&quot;:200}\">\n\t\t\t\t\t<div class=\"e-con-inner\">\n\t\t<div class=\"elementor-element elementor-element-f942d11 e-con-full e-flex e-con e-child\" data-id=\"f942d11\" data-element_type=\"container\" data-e-type=\"container\">\n\t\t\t\t<div class=\"elementor-element elementor-element-c335ee2 elementor-invisible elementor-widget elementor-widget-heading\" data-id=\"c335ee2\" data-element_type=\"widget\" data-e-type=\"widget\" data-settings=\"{&quot;_animation&quot;:&quot;fadeInUp&quot;,&quot;_animation_delay&quot;:400}\" data-widget_type=\"heading.default\">\n\t\t\t\t<div class=\"elementor-widget-container\">\n\t\t\t\t\t<h3 class=\"elementor-heading-title elementor-size-default\">H\u00f4tel Arte St. Moritz<\/h3>\t\t\t\t<\/div>\n\t\t\t\t<\/div>\n\t\t\t\t<div class=\"elementor-element elementor-element-9eb68d4 animated-slow elementor-invisible elementor-widget elementor-widget-heading\" data-id=\"9eb68d4\" data-element_type=\"widget\" data-e-type=\"widget\" data-settings=\"{&quot;_animation_delay&quot;:500,&quot;_animation&quot;:&quot;fadeInUp&quot;}\" data-widget_type=\"heading.default\">\n\t\t\t\t<div class=\"elementor-widget-container\">\n\t\t\t\t\t<h2 class=\"elementor-heading-title elementor-size-default\">Contact<\/h2>\t\t\t\t<\/div>\n\t\t\t\t<\/div>\n\t\t\t\t<div class=\"elementor-element elementor-element-5de6820 animated-slow elementor-invisible elementor-widget elementor-widget-text-editor\" data-id=\"5de6820\" data-element_type=\"widget\" data-e-type=\"widget\" data-settings=\"{&quot;_animation&quot;:&quot;fadeIn&quot;,&quot;_animation_delay&quot;:600}\" data-widget_type=\"text-editor.default\">\n\t\t\t\t<div class=\"elementor-widget-container\">\n\t\t\t\t\t\t\t\t\t<p>H\u00f4tel Arte<br>Via Tinus 7 \u2013 CH-7500 St. Moritz<br>T. +41 81 837 58 58 \u2013 <a href=\"mailto:info@hotelarte-stmoritz.ch\">info@hotelarte-stmoritz.ch<\/a><\/p>\t\t\t\t\t\t\t\t<\/div>\n\t\t\t\t<\/div>\n\t\t\t\t<\/div>\n\t\t\t\t\t<\/div>\n\t\t\t\t<\/div>\n\t\t\t\t\t<\/div>\n\t\t\t\t<\/div>\n\t\t<div class=\"elementor-element elementor-element-24eb23c e-flex e-con-boxed e-con e-parent\" data-id=\"24eb23c\" data-element_type=\"container\" data-e-type=\"container\" id=\"lage\">\n\t\t\t\t\t<div class=\"e-con-inner\">\n\t\t<div class=\"elementor-element elementor-element-b19d2b9 e-con-full e-flex e-con e-child\" data-id=\"b19d2b9\" data-element_type=\"container\" data-e-type=\"container\">\n\t\t\t\t<div class=\"elementor-element elementor-element-a00476e elementor-widget elementor-widget-heading\" data-id=\"a00476e\" data-element_type=\"widget\" data-e-type=\"widget\" data-widget_type=\"heading.default\">\n\t\t\t\t<div class=\"elementor-widget-container\">\n\t\t\t\t\t<h2 class=\"elementor-heading-title elementor-size-default\">H\u00f4tel Arte<\/h2>\t\t\t\t<\/div>\n\t\t\t\t<\/div>\n\t\t\t\t<div class=\"elementor-element elementor-element-da76ba4 elementor-widget elementor-widget-text-editor\" data-id=\"da76ba4\" data-element_type=\"widget\" data-e-type=\"widget\" data-widget_type=\"text-editor.default\">\n\t\t\t\t<div class=\"elementor-widget-container\">\n\t\t\t\t\t\t\t\t\t<p>Via Tinus 7<br>CH-7500 St. Moritz<br>Switzerland<\/p><p><strong>T.<\/strong> +41 81 837 58 58<br><strong>E. <\/strong><a href=\"mailto:info@hotelarte-stmoritz.ch\">info@hotelarte-stmoritz.ch<\/a><\/p>\t\t\t\t\t\t\t\t<\/div>\n\t\t\t\t<\/div>\n\t\t\t\t<div class=\"elementor-element elementor-element-e7192a7 elementor-align-left animated-slow elementor-invisible elementor-widget elementor-widget-button\" data-id=\"e7192a7\" data-element_type=\"widget\" data-e-type=\"widget\" data-settings=\"{&quot;_animation&quot;:&quot;fadeInUp&quot;,&quot;_animation_delay&quot;:200}\" data-widget_type=\"button.default\">\n\t\t\t\t<div class=\"elementor-widget-container\">\n\t\t\t\t\t\t\t\t\t<div class=\"elementor-button-wrapper\">\n\t\t\t\t\t<a class=\"elementor-button elementor-button-link elementor-size-sm\" href=\"https:\/\/swiss-hotel-supply.ch\/arte\/?lang=fr\">\n\t\t\t\t\t\t<span class=\"elementor-button-content-wrapper\">\n\t\t\t\t\t\t\t\t\t<span class=\"elementor-button-text\">Contact pour les entreprises<\/span>\n\t\t\t\t\t<\/span>\n\t\t\t\t\t<\/a>\n\t\t\t\t<\/div>\n\t\t\t\t\t\t\t\t<\/div>\n\t\t\t\t<\/div>\n\t\t\t\t<\/div>\n\t\t<div class=\"elementor-element elementor-element-9edbee1 e-con-full e-flex e-con e-child\" data-id=\"9edbee1\" data-element_type=\"container\" data-e-type=\"container\">\n\t\t\t\t<div class=\"elementor-element elementor-element-4300639 elementor-widget elementor-widget-google_maps\" data-id=\"4300639\" data-element_type=\"widget\" data-e-type=\"widget\" data-widget_type=\"google_maps.default\">\n\t\t\t\t<div class=\"elementor-widget-container\">\n\t\t\t\t\t\t\t<div class=\"elementor-custom-embed\">\n\t\t\t<iframe loading=\"lazy\"\n\t\t\t\t\tsrc=\"https:\/\/maps.google.com\/maps?q=Boutique%20Hotel%20Arte%20st%20moritz&#038;t=m&#038;z=14&#038;output=embed&#038;iwloc=near\"\n\t\t\t\t\ttitle=\"Boutique Hotel Arte st moritz\"\n\t\t\t\t\taria-label=\"Boutique Hotel Arte st moritz\"\n\t\t\t><\/iframe>\n\t\t<\/div>\n\t\t\t\t\t\t<\/div>\n\t\t\t\t<\/div>\n\t\t\t\t<div class=\"elementor-element elementor-element-4ef27e4 elementor-widget elementor-widget-heading\" data-id=\"4ef27e4\" data-element_type=\"widget\" data-e-type=\"widget\" data-widget_type=\"heading.default\">\n\t\t\t\t<div class=\"elementor-widget-container\">\n\t\t\t\t\t<h3 class=\"elementor-heading-title elementor-size-default\">COMMENT NOUS REJOINDRE<\/h3>\t\t\t\t<\/div>\n\t\t\t\t<\/div>\n\t\t\t\t<div class=\"elementor-element elementor-element-0f80c35 elementor-widget elementor-widget-text-editor\" data-id=\"0f80c35\" data-element_type=\"widget\" data-e-type=\"widget\" data-widget_type=\"text-editor.default\">\n\t\t\t\t<div class=\"elementor-widget-container\">\n\t\t\t\t\t\t\t\t\t<div class=\" element-short-top element-short-bottom\" data-os-animation=\"none\" data-os-animation-delay=\"0s\"><p class=\"has_transition_600 intro\">Vous trouverez ici quelques moyens de nous rejoindre.<\/p><p class=\"included has_transition_600\"><strong>TRAIN<\/strong><\/p><p class=\"info_text\">Le voyage avec les Chemins de fer rh\u00e9tiques (RhB) au d\u00e9part de Coire &#8211; Tiefencastel &#8211; Engadine est l&rsquo;une des plus belles lignes ferroviaires de toute l&rsquo;Europe. Vous pouvez \u00e9galement voyager de Landquart \u00e0 l&rsquo;Engadine via Klosters &#8211; tunnel de la Vereina. Ainsi, le trajet Zurich &#8211; St. Moritz dure 3 heures et 20 minutes.  <\/p><p class=\"included has_transition_600\"><strong>VOITURE<\/strong><\/p><p class=\"info_text\">En voiture, vous pouvez facilement atteindre St. Moritz depuis la Suisse, l&rsquo;Italie et l&rsquo;Allemagne.<\/p><ul><li>200 km Zurich (environ 3 h)<\/li><li>290 km B\u00e2le (environ 4 h)<\/li><li>170 km Milan (environ 3 h)<\/li><li>290 km Munich (environ 4,5 h)<\/li><\/ul><p>En cas de neige fondue, le franchissement des cols n&rsquo;est autoris\u00e9 qu&rsquo;avec des cha\u00eenes ou des v\u00e9hicules 4\u00d74.<\/p><p>Pour plus d&rsquo;informations: <a href=\"https:\/\/www.strassen.gr.ch\/\">\u00c9tat actuel des routes.<\/a><br>(Nous d\u00e9clinons toute responsabilit\u00e9 de quelque nature que ce soit sur la base des messages. La signalisation sur place fait foi.)<\/p><p>Si vous souhaitez \u00e9viter de passer le col en voiture, la voiture peut \u00eatre charg\u00e9e sur le rail:<\/p><p>Transport de voitures Albula: Thusis &#8211; Samedan (la voiture est charg\u00e9e &#8211; les personnes voyagent dans le compartiment), T +41 81 288 66 77<\/p><p>Transport en voiture Vereina: Klosters\/Selfranga &#8211; Sagliains en Basse-Engadine (dur\u00e9e du trajet: 15 minutes, les personnes peuvent rester dans la voiture), T +41 (0) 81 288 37 37<\/p><p>Pour plus d&rsquo;informations: <a href=\"http:\/\/www.rhb.ch\/fr\/home\">www.rhb.ch<\/a><\/p><p class=\"included has_transition_600\"><strong>AVION<\/strong><\/p><p class=\"info_text\">Depuis l&rsquo;a\u00e9roport d&rsquo;Engadin, vous avez des liaisons a\u00e9riennes avec les a\u00e9roports internationaux de Zurich, Gen\u00e8ve, B\u00e2le, Milan et Munich.<br><a href=\"http:\/\/www.engadin-airport.ch\/en\">Plus d&rsquo;informations sur l&rsquo;a\u00e9roport d&rsquo;Engadin<\/a><\/p><\/div>\t\t\t\t\t\t\t\t<\/div>\n\t\t\t\t<\/div>\n\t\t\t\t<\/div>\n\t\t\t\t\t<\/div>\n\t\t\t\t<\/div>\n\t\t\t\t<\/div>\n\t\t","protected":false},"excerpt":{"rendered":"<p>Contact.H\u00f4tel Arte. H\u00f4tel Arte St. Moritz Contact H\u00f4tel ArteVia Tinus 7 \u2013 CH-7500 St. MoritzT. +41 81 837 58 58 [&hellip;]<\/p>\n","protected":false},"author":1,"featured_media":0,"parent":0,"menu_order":0,"comment_status":"closed","ping_status":"closed","template":"","meta":{"inline_featured_image":false,"site-sidebar-layout":"no-sidebar","site-content-layout":"","ast-site-content-layout":"full-width-container","site-content-style":"default","site-sidebar-style":"default","ast-global-header-display":"","ast-banner-title-visibility":"","ast-main-header-display":"","ast-hfb-above-header-display":"","ast-hfb-below-header-display":"","ast-hfb-mobile-header-display":"","site-post-title":"","ast-breadcrumbs-content":"","ast-featured-img":"disabled","footer-sml-layout":"","ast-disable-related-posts":"","theme-transparent-header-meta":"","adv-header-id-meta":"","stick-header-meta":"","header-above-stick-meta":"","header-main-stick-meta":"","header-below-stick-meta":"","astra-migrate-meta-layouts":"default","ast-page-background-enabled":"default","ast-page-background-meta":{"desktop":{"background-color":"var(--ast-global-color-4)","background-image":"","background-repeat":"repeat","background-position":"center center","background-size":"auto","background-attachment":"scroll","background-type":"","background-media":"","overlay-type":"","overlay-color":"","overlay-opacity":"","overlay-gradient":""},"tablet":{"background-color":"","background-image":"","background-repeat":"repeat","background-position":"center center","background-size":"auto","background-attachment":"scroll","background-type":"","background-media":"","overlay-type":"","overlay-color":"","overlay-opacity":"","overlay-gradient":""},"mobile":{"background-color":"","background-image":"","background-repeat":"repeat","background-position":"center center","background-size":"auto","background-attachment":"scroll","background-type":"","background-media":"","overlay-type":"","overlay-color":"","overlay-opacity":"","overlay-gradient":""}},"ast-content-background-meta":{"desktop":{"background-color":"var(--ast-global-color-5)","background-image":"","background-repeat":"repeat","background-position":"center center","background-size":"auto","background-attachment":"scroll","background-type":"","background-media":"","overlay-type":"","overlay-color":"","overlay-opacity":"","overlay-gradient":""},"tablet":{"background-color":"var(--ast-global-color-5)","background-image":"","background-repeat":"repeat","background-position":"center center","background-size":"auto","background-attachment":"scroll","background-type":"","background-media":"","overlay-type":"","overlay-color":"","overlay-opacity":"","overlay-gradient":""},"mobile":{"background-color":"var(--ast-global-color-5)","background-image":"","background-repeat":"repeat","background-position":"center center","background-size":"auto","background-attachment":"scroll","background-type":"","background-media":"","overlay-type":"","overlay-color":"","overlay-opacity":"","overlay-gradient":""}},"footnotes":""},"class_list":["post-2637","page","type-page","status-publish","hentry"],"_links":{"self":[{"href":"https:\/\/hotel-arte.ch\/fr\/wp-json\/wp\/v2\/pages\/2637","targetHints":{"allow":["GET"]}}],"collection":[{"href":"https:\/\/hotel-arte.ch\/fr\/wp-json\/wp\/v2\/pages"}],"about":[{"href":"https:\/\/hotel-arte.ch\/fr\/wp-json\/wp\/v2\/types\/page"}],"author":[{"embeddable":true,"href":"https:\/\/hotel-arte.ch\/fr\/wp-json\/wp\/v2\/users\/1"}],"replies":[{"embeddable":true,"href":"https:\/\/hotel-arte.ch\/fr\/wp-json\/wp\/v2\/comments?post=2637"}],"version-history":[{"count":10,"href":"https:\/\/hotel-arte.ch\/fr\/wp-json\/wp\/v2\/pages\/2637\/revisions"}],"predecessor-version":[{"id":5512,"href":"https:\/\/hotel-arte.ch\/fr\/wp-json\/wp\/v2\/pages\/2637\/revisions\/5512"}],"wp:attachment":[{"href":"https:\/\/hotel-arte.ch\/fr\/wp-json\/wp\/v2\/media?parent=2637"}],"curies":[{"name":"wp","href":"https:\/\/api.w.org\/{rel}","templated":true}]}}